{"id":48,"date":"2023-05-17T14:20:57","date_gmt":"2023-05-17T12:20:57","guid":{"rendered":"https:\/\/www.yilkarklima.de\/?page_id=48"},"modified":"2023-05-22T09:15:41","modified_gmt":"2023-05-22T07:15:41","slug":"shop","status":"publish","type":"page","link":"https:\/\/www.yilkarklima.de\/?page_id=48","title":{"rendered":"Shop"},"content":{"rendered":"\n<p>Leider \u00f6ffnet der Shop erst in einigen Wochen. Wir bitten um Verst\u00e4ndnis. <\/p>\n\n\n\n<p><\/p>\n\n\n\n<p>Alle Heizger\u00e4te sind jedoch per E-Mail an <a href=\"mailto:info@yilkarklima.de\">info@yilkarklima.de<\/a> bestellbar.<\/p>\n\n\n\n<p>Vielen Dank.<\/p>\n","protected":false},"excerpt":{"rendered":"<p>Leider \u00f6ffnet der Shop erst in einigen Wochen. Wir bitten um Verst\u00e4ndnis. Alle Heizger\u00e4te sind jedoch per E-Mail an info@yilkarklima.de bestellbar. Vielen Dank.<\/p>\n","protected":false},"author":1,"featured_media":0,"parent":0,"menu_order":20,"comment_status":"closed","ping_status":"closed","template":"","meta":{"_themeisle_gutenberg_block_has_review":false,"footnotes":""},"class_list":["post-48","page","type-page","status-publish","hentry"],"_links":{"self":[{"href":"https:\/\/www.yilkarklima.de\/index.php?rest_route=\/wp\/v2\/pages\/48","targetHints":{"allow":["GET"]}}],"collection":[{"href":"https:\/\/www.yilkarklima.de\/index.php?rest_route=\/wp\/v2\/pages"}],"about":[{"href":"https:\/\/www.yilkarklima.de\/index.php?rest_route=\/wp\/v2\/types\/page"}],"author":[{"embeddable":true,"href":"https:\/\/www.yilkarklima.de\/index.php?rest_route=\/wp\/v2\/users\/1"}],"replies":[{"embeddable":true,"href":"https:\/\/www.yilkarklima.de\/index.php?rest_route=%2Fwp%2Fv2%2Fcomments&post=48"}],"version-history":[{"count":2,"href":"https:\/\/www.yilkarklima.de\/index.php?rest_route=\/wp\/v2\/pages\/48\/revisions"}],"predecessor-version":[{"id":90,"href":"https:\/\/www.yilkarklima.de\/index.php?rest_route=\/wp\/v2\/pages\/48\/revisions\/90"}],"wp:attachment":[{"href":"https:\/\/www.yilkarklima.de\/index.php?rest_route=%2Fwp%2Fv2%2Fmedia&parent=48"}],"curies":[{"name":"wp","href":"https:\/\/api.w.org\/{rel}","templated":true}]}}