{"id":2,"date":"2023-05-15T13:22:13","date_gmt":"2023-05-15T11:22:13","guid":{"rendered":"http:\/\/www.yilkarklima.de\/?page_id=2"},"modified":"2023-05-22T09:51:20","modified_gmt":"2023-05-22T07:51:20","slug":"standheizung","status":"publish","type":"page","link":"https:\/\/www.yilkarklima.de\/?page_id=2","title":{"rendered":"Standheizungen"},"content":{"rendered":"\n<p>Die YILKAR Luftstandheizungen entsprechen h\u00f6chsten europ\u00e4ischen Sicherheitsnormen und sind im europ\u00e4ischen Stra\u00dfenverkehr per ECE Pr\u00fcfung zugelassen. <\/p>\n\n\n\n<blockquote class=\"wp-block-quote is-layout-flow wp-block-quote-is-layout-flow\">\n<p>YH2<\/p>\n\n\n\n<div class=\"wp-block-columns is-layout-flex wp-container-core-columns-is-layout-28f84493 wp-block-columns-is-layout-flex\">\n<div class=\"wp-block-column is-layout-flow wp-block-column-is-layout-flow\">\n<figure class=\"wp-block-image size-full\"><img loading=\"lazy\" decoding=\"async\" width=\"800\" height=\"505\" src=\"http:\/\/www.yilkarklima.de\/wp-content\/uploads\/2023\/05\/yh-2-air-heater.png\" alt=\"\" class=\"wp-image-34\" srcset=\"https:\/\/www.yilkarklima.de\/wp-content\/uploads\/2023\/05\/yh-2-air-heater.png 800w, https:\/\/www.yilkarklima.de\/wp-content\/uploads\/2023\/05\/yh-2-air-heater-300x189.png 300w, https:\/\/www.yilkarklima.de\/wp-content\/uploads\/2023\/05\/yh-2-air-heater-768x485.png 768w\" sizes=\"auto, (max-width: 800px) 100vw, 800px\" \/><\/figure>\n<\/div>\n\n\n\n<div class=\"wp-block-column is-layout-flow wp-block-column-is-layout-flow\"><\/div>\n<\/div>\n<cite>0,9 &#8211; 2,5kW Heizleistung<\/cite><\/blockquote>\n\n\n\n<p>Technische Daten:<\/p>\n\n\n\n<figure class=\"wp-block-table is-style-stripes\"><table><tbody><tr><td>Spannung<\/td><td>12 \/ 24V<\/td><\/tr><tr><td>Brennstoff<\/td><td>Diesel<\/td><\/tr><tr><td>Brennstoffverbrauch<\/td><td>max. 0,28l\/h  <\/td><\/tr><tr><td>Luftstrom<\/td><td>max. 90m\u00b3\/h<\/td><\/tr><tr><td>Stromaufnahme (Start)<\/td><td>8A @12V \/ 4A @24V<\/td><\/tr><tr><td>Stromaufnahme (Normal)<\/td><td>max. 3A @12V  \/  max. 1,5A @24V<\/td><\/tr><tr><td>Gewicht<\/td><td>3kg<\/td><\/tr><tr><td>Abmessungen<\/td><td>320 x 130 x 150 mm<\/td><\/tr><\/tbody><\/table><figcaption class=\"wp-element-caption\">Technische Daten der YILKAR YH2<\/figcaption><\/figure>\n\n\n\n<p><\/p>\n\n\n\n<blockquote class=\"wp-block-quote is-layout-flow wp-block-quote-is-layout-flow\">\n<p>YH5<\/p>\n\n\n\n<div class=\"wp-block-columns is-layout-flex wp-container-core-columns-is-layout-28f84493 wp-block-columns-is-layout-flex\">\n<div class=\"wp-block-column is-layout-flow wp-block-column-is-layout-flow\">\n<figure class=\"wp-block-image size-full\"><img loading=\"lazy\" decoding=\"async\" width=\"800\" height=\"505\" src=\"https:\/\/www.yilkarklima.de\/wp-content\/uploads\/2023\/05\/yh-5-air-heater-8.png\" alt=\"\" class=\"wp-image-94\" srcset=\"https:\/\/www.yilkarklima.de\/wp-content\/uploads\/2023\/05\/yh-5-air-heater-8.png 800w, https:\/\/www.yilkarklima.de\/wp-content\/uploads\/2023\/05\/yh-5-air-heater-8-300x189.png 300w, https:\/\/www.yilkarklima.de\/wp-content\/uploads\/2023\/05\/yh-5-air-heater-8-768x485.png 768w\" sizes=\"auto, (max-width: 800px) 100vw, 800px\" \/><\/figure>\n<\/div>\n\n\n\n<div class=\"wp-block-column is-layout-flow wp-block-column-is-layout-flow\"><\/div>\n<\/div>\n<cite>1,0 &#8211; 5,0 kW<\/cite><\/blockquote>\n\n\n\n<p>Technische Daten:<\/p>\n\n\n\n<figure class=\"wp-block-table is-style-stripes\"><table><tbody><tr><td>Spannung<\/td><td>12 \/ 24V<\/td><\/tr><tr><td>Brennstoff<\/td><td>Diesel<\/td><\/tr><tr><td>Brennstoffverbrauch<\/td><td>max. 0,46l\/h  <\/td><\/tr><tr><td>Luftstrom<\/td><td>max. 200 m\u00b3\/h<\/td><\/tr><tr><td>Stromaufnahme (Start)<\/td><td>8A @12V \/ 4A @24V<\/td><\/tr><tr><td>Stromaufnahme (Normal)<\/td><td>max. 3A @12V  \/  max. 1,5A @24V<\/td><\/tr><tr><td>Gewicht<\/td><td>5,2 kg<\/td><\/tr><tr><td>Abmessungen<\/td><td>400 x 140 x 180 mm<\/td><\/tr><\/tbody><\/table><figcaption class=\"wp-element-caption\">Technische Daten der YILKAR YH5<\/figcaption><\/figure>\n\n\n\n<div class=\"wp-block-columns is-layout-flex wp-container-core-columns-is-layout-28f84493 wp-block-columns-is-layout-flex\">\n<div class=\"wp-block-column is-layout-flow wp-block-column-is-layout-flow\">\n<figure class=\"wp-block-image size-large\"><img loading=\"lazy\" decoding=\"async\" width=\"1024\" height=\"341\" src=\"http:\/\/www.yilkarklima.de\/wp-content\/uploads\/2023\/05\/controller_trsp-1024x341.png\" alt=\"\" class=\"wp-image-37\" srcset=\"https:\/\/www.yilkarklima.de\/wp-content\/uploads\/2023\/05\/controller_trsp-1024x341.png 1024w, https:\/\/www.yilkarklima.de\/wp-content\/uploads\/2023\/05\/controller_trsp-300x100.png 300w, https:\/\/www.yilkarklima.de\/wp-content\/uploads\/2023\/05\/controller_trsp-768x256.png 768w, https:\/\/www.yilkarklima.de\/wp-content\/uploads\/2023\/05\/controller_trsp.png 1500w\" sizes=\"auto, (max-width: 1024px) 100vw, 1024px\" \/><\/figure>\n<\/div>\n<\/div>\n\n\n\n<p><strong>Volle Kontrolle<\/strong><\/p>\n\n\n\n<div class=\"wp-block-columns is-layout-flex wp-container-core-columns-is-layout-28f84493 wp-block-columns-is-layout-flex\">\n<div class=\"wp-block-column is-layout-flow wp-block-column-is-layout-flow\">\n<p class=\"has-text-align-center\">YILKAR Basic Controller<\/p>\n\n\n\n<figure class=\"wp-block-table is-style-stripes\"><table><tbody><tr><td>0,97&#8243; OLED Display<\/td><\/tr><tr><td>Betrieb bis 2500m H\u00f6he \u00fc.n.N.<\/td><\/tr><tr><td>Ambient Temperatursensor<\/td><\/tr><tr><td>Heiz und Ventilationsbetrieb<\/td><\/tr><tr><td>Anzeige Fehlermeldungen<\/td><\/tr><\/tbody><\/table><\/figure>\n<\/div>\n\n\n\n<div class=\"wp-block-column is-layout-flow wp-block-column-is-layout-flow\">\n<p class=\"has-text-align-center\">YILKAR Comfort Controller<\/p>\n\n\n\n<figure class=\"wp-block-table is-style-stripes\"><table><tbody><tr><td>1,23&#8243; OLED Display<\/td><\/tr><tr><td>Programmierbarer Timer mit 7 Tagesprogrammen, 3 Zeiten pro Tag<\/td><\/tr><tr><td>Ambient Temperatursensor<\/td><\/tr><tr><td>H\u00f6henkit bis 4500m integriert<\/td><\/tr><tr><td>Betriebsprogramme: Eco, Normal, Max Power<\/td><\/tr><tr><td>Betriebszeitanzeige<\/td><\/tr><tr><td>Sleep Mode\/Timer<\/td><\/tr><tr><td>Mehrsprachig <\/td><\/tr><tr><td>integrierte Batterie zur Speichererhaltung (Uhrzeit usw.)<\/td><\/tr><tr><td>Anzeige Fehlermeldungen<\/td><\/tr><\/tbody><\/table><\/figure>\n<\/div>\n<\/div>\n","protected":false},"excerpt":{"rendered":"<p>Die YILKAR Luftstandheizungen entsprechen h\u00f6chsten europ\u00e4ischen Sicherheitsnormen und sind im europ\u00e4ischen Stra\u00dfenverkehr per ECE Pr\u00fcfung zugelassen. Technische Daten: Spannung 12 \/ 24V Brennstoff Diesel Brennstoffverbrauch max. 0,28l\/h Luftstrom max. 90m\u00b3\/h Stromaufnahme (Start) 8A @12V \/ 4A @24V Stromaufnahme (Normal) max. 3A @12V \/ max. 1,5A @24V Gewicht 3kg Abmessungen 320 x 130 x 150 mm [&hellip;]<\/p>\n","protected":false},"author":1,"featured_media":0,"parent":0,"menu_order":10,"comment_status":"closed","ping_status":"closed","template":"","meta":{"_themeisle_gutenberg_block_has_review":false,"footnotes":""},"class_list":["post-2","page","type-page","status-publish","hentry"],"_links":{"self":[{"href":"https:\/\/www.yilkarklima.de\/index.php?rest_route=\/wp\/v2\/pages\/2","targetHints":{"allow":["GET"]}}],"collection":[{"href":"https:\/\/www.yilkarklima.de\/index.php?rest_route=\/wp\/v2\/pages"}],"about":[{"href":"https:\/\/www.yilkarklima.de\/index.php?rest_route=\/wp\/v2\/types\/page"}],"author":[{"embeddable":true,"href":"https:\/\/www.yilkarklima.de\/index.php?rest_route=\/wp\/v2\/users\/1"}],"replies":[{"embeddable":true,"href":"https:\/\/www.yilkarklima.de\/index.php?rest_route=%2Fwp%2Fv2%2Fcomments&post=2"}],"version-history":[{"count":4,"href":"https:\/\/www.yilkarklima.de\/index.php?rest_route=\/wp\/v2\/pages\/2\/revisions"}],"predecessor-version":[{"id":97,"href":"https:\/\/www.yilkarklima.de\/index.php?rest_route=\/wp\/v2\/pages\/2\/revisions\/97"}],"wp:attachment":[{"href":"https:\/\/www.yilkarklima.de\/index.php?rest_route=%2Fwp%2Fv2%2Fmedia&parent=2"}],"curies":[{"name":"wp","href":"https:\/\/api.w.org\/{rel}","templated":true}]}}